{"id":9400,"date":"2025-02-14T09:46:35","date_gmt":"2025-02-14T09:46:35","guid":{"rendered":"https:\/\/www.detective-prive-france.fr\/?page_id=9400"},"modified":"2026-04-24T14:54:30","modified_gmt":"2026-04-24T14:54:30","slug":"detective-prive","status":"publish","type":"page","link":"https:\/\/groupehyperion.com\/ru\/detective-prive\/","title":{"rendered":"D\u00e9tective priv\u00e9"},"content":{"rendered":"<section class=\"l-section wpb_row us_custom_4980f5bd height_large color_primary with_img\"><div class=\"l-section-img\" role=\"img\" data-img-width=\"1920\" data-img-height=\"800\" style=\"background-image: url(https:\/\/groupehyperion.com\/wp-content\/uploads\/2025\/02\/detective-prive-hyperion-paris2.webp);\"><\/div><div class=\"l-section-overlay\" style=\"background:linear-gradient(350deg,#002147,rgba(0,33,71,0.5))\"><\/div><div class=\"l-section-h i-cf\"><div class=\"g-cols vc_row via_grid cols_1 laptops-cols_inherit tablets-cols_inherit mobiles-cols_1 valign_middle type_default stacking_default\"><div class=\"wpb_column vc_column_container\"><div class=\"vc_column-inner\"><div class=\"wpb_text_column\"><div class=\"wpb_wrapper\"><h1 style=\"text-align: center;\">Nos d&eacute;tectives priv&eacute;s en France<\/h1>\n<\/div><\/div><div class=\"w-separator size_small\"><\/div><div class=\"wpb_text_column us_custom_51974c15\"><div class=\"wpb_wrapper\"><p style=\"text-align: center;\">Le Groupe Hyp&eacute;rion est un r&eacute;seaux de d&eacute;tectives priv&eacute;s pouvant intervenir dans toute la France gr&acirc;ce &agrave; ses multiples agences &agrave; forte notori&eacute;t&eacute;.<\/p>\n<\/div><\/div><div class=\"w-separator size_small\"><\/div><div class=\"w-iconbox iconpos_top style_default color_custom align_center no_text no_title\"><a href=\"#intro\" class=\"w-iconbox-link\" aria-label=\"far|chevron-down\"><div class=\"w-iconbox-icon\" style=\"font-size:3rem;--icon-color:#ffffff;\"><i class=\"far fa-chevron-down\"><\/i><\/div><\/a><div class=\"w-iconbox-meta\"><\/div><\/div><\/div><\/div><\/div><\/div><\/section><section class=\"l-section wpb_row height_custom full_height valign_center width_custom\" style=\"--site-content-width:1400px;\"><div class=\"l-section-overlay\" style=\"background:var(--color-chrome-toolbar)\"><\/div><div class=\"l-section-h i-cf\"><div class=\"g-cols vc_row via_grid cols_2-1 laptops-cols_inherit tablets-cols_1 mobiles-cols_1 valign_top type_default reversed stacking_default\"><div class=\"wpb_column vc_column_container\"><div class=\"vc_column-inner\"><div class=\"w-map provider_osm us_custom_59e41c1c\" id=\"us_map_1\"><div class=\"w-map-inner\"><div class=\"w-map-json\" onclick='return {\"address\":\"45.9040744298541, 1.2563096739839532\",\"disableDragging\":0,\"disableZoom\":0,\"hideControls\":0,\"zoom\":7,\"markers\":[{\"address\":\"45.9040744298541, 1.2563096739839532\",\"html\":\"D\\u00e9tective priv\\u00e9 Limoges&lt;p&gt;38 rue Fran\\u00e7ois Ch\\u00e9nieux, 87000 LIMOGES&lt;\\\/p&gt;\",\"infowindow\":0},{\"address\":\"46.150825394120474, 6.322648271046764\",\"html\":\"D\\u00e9tective priv\\u00e9 Gen\\u00e8ve&lt;p&gt;251 route des marais, 74250 FILINGES&lt;\\\/p&gt;\",\"marker_img\":[\"https:\\\/\\\/groupehyperion.com\\\/wp-content\\\/uploads\\\/2025\\\/02\\\/Logo-Groupe-Hyperion-geomap.svg\",\"150\",\"150\",false],\"marker_size\":[\"30\",\"30\"]},{\"address\":\"45.764166886216714, 4.8335918759828065\",\"html\":\"D\\u00e9tective priv\\u00e9 Lyon&lt;p&gt;69000 LYON&lt;\\\/p&gt;\",\"marker_img\":[\"https:\\\/\\\/groupehyperion.com\\\/wp-content\\\/uploads\\\/2025\\\/02\\\/Logo-Groupe-Hyperion-geomap.svg\",\"150\",\"150\",false],\"marker_size\":[\"30\",\"30\"]},{\"address\":\"43.64979832226194, 3.975345153430209\",\"html\":\"D\\u00e9tective priv\\u00e9 Montpellier&lt;p&gt;65 Rue de la Garriguette, 34130 Saint-Aun\\u00e8s&lt;\\\/p&gt;\",\"marker_img\":[\"https:\\\/\\\/groupehyperion.com\\\/wp-content\\\/uploads\\\/2025\\\/02\\\/Logo-Groupe-Hyperion-geomap.svg\",\"150\",\"150\",false],\"marker_size\":[\"30\",\"30\"]},{\"address\":\"43.6064103137656, 1.4555177822646135\",\"html\":\"D\\u00e9tective priv\\u00e9 Toulouse&lt;p&gt;38 Rue Gabriel P\\u00e9ri, 31000 Toulouse&lt;\\\/p&gt;\",\"marker_img\":[\"https:\\\/\\\/groupehyperion.com\\\/wp-content\\\/uploads\\\/2025\\\/02\\\/Logo-Groupe-Hyperion-geomap.svg\",\"150\",\"150\",false],\"marker_size\":[\"30\",\"30\"]},{\"address\":\"47.46227306248546, -0.553901775273894\",\"html\":\"D\\u00e9tective priv\\u00e9 Angers&lt;p&gt;2 Sq. Lafayette, 49000 Angers&lt;\\\/p&gt;\",\"marker_img\":[\"https:\\\/\\\/groupehyperion.com\\\/wp-content\\\/uploads\\\/2025\\\/02\\\/Logo-Groupe-Hyperion-geomap.svg\",\"150\",\"150\",false],\"marker_size\":[\"30\",\"30\"]},{\"address\":\"43.14662386690981, 6.025324182249466\",\"html\":\"D\\u00e9tective priv\\u00e9 Toulon&lt;p&gt;437 Rue Jean Jaur\\u00e8s 83000 Toulon&lt;\\\/p&gt;\",\"marker_img\":[\"https:\\\/\\\/groupehyperion.com\\\/wp-content\\\/uploads\\\/2025\\\/02\\\/Logo-Groupe-Hyperion-geomap.svg\",\"150\",\"150\",false],\"marker_size\":[\"30\",\"30\"]},{\"address\":\"48.84511610492446, 2.4335940133651865\",\"html\":\"D\\u00e9tective priv\\u00e9 Paris&lt;p&gt;5 Av. de Paris 5 7, 94300 Vincennes&lt;\\\/p&gt;\",\"marker_img\":[\"https:\\\/\\\/groupehyperion.com\\\/wp-content\\\/uploads\\\/2025\\\/02\\\/Logo-Groupe-Hyperion-geomap.svg\",\"150\",\"150\",false],\"marker_size\":[\"30\",\"30\"]}],\"icon\":{\"url\":\"https:\\\/\\\/groupehyperion.com\\\/wp-content\\\/uploads\\\/2025\\\/02\\\/Logo-Groupe-Hyperion-geomap.svg\",\"size\":[40,40]},\"style\":\"https:\\\/\\\/{s}.tile.openstreetmap.org\\\/{z}\\\/{x}\\\/{y}.png\"}'><\/div><\/div><\/div><\/div><\/div><div class=\"wpb_column vc_column_container\"><div class=\"vc_column-inner\"><div class=\"w-tabs style_default switch_click accordion remove_indents\" style=\"--sections-title-size:1.5rem\"><div class=\"w-tabs-sections titles-align_none icon_plus cpos_right\"><div class=\"w-tabs-section\" id=\"e585\"><button class=\"w-tabs-section-header\" aria-controls=\"content-e585\" aria-expanded=\"false\"><h3 class=\"w-tabs-section-title\">D&Eacute;TECTIVE PRIV&Eacute; EN SUISSE<\/h3><div class=\"w-tabs-section-control\"><\/div><\/button><div class=\"w-tabs-section-content\" id=\"content-e585\"><div class=\"w-tabs-section-content-h i-cf\"><div class=\"wpb_text_column\"><div class=\"wpb_wrapper\"><p><strong>Agence de Haute-Savoie<\/strong><br>\nArcanis Investigations<br>\nDirig&eacute;e par Liza CHEVREL<br>\n251 route des marais<br>\n74250 FILINGES<\/p>\n<p><strong><a href=\"callto:+33603674869\">06 03 67 48 69<\/a><\/strong><br>\n<strong><a href=\"mailto:arcanis@groupehyperion.com\">arcanis@groupehyperion.com<\/a><\/strong><\/p>\n<p>AUT-074-2121-03-29-20220819586<\/p>\n<\/div><\/div><\/div><\/div><\/div><div class=\"w-tabs-section\" id=\"v8e0\"><button class=\"w-tabs-section-header\" aria-controls=\"content-v8e0\" aria-expanded=\"false\"><h3 class=\"w-tabs-section-title\">D&Eacute;TECTIVE PRIV&Eacute; PARIS<\/h3><div class=\"w-tabs-section-control\"><\/div><\/button><div class=\"w-tabs-section-content\" id=\"content-v8e0\"><div class=\"w-tabs-section-content-h i-cf\"><div class=\"wpb_text_column\"><div class=\"wpb_wrapper\"><p><strong>Agence Ile-de-France<\/strong><br>\nGROUPE HYPERION<br>\nEn cours d&rsquo;autorisation et d&rsquo;immatriculation<br>\nG&eacute;r&eacute;e par J&eacute;r&eacute;my FONTANILLE<\/p>\n<p><strong><a href=\"callto:+33650544416\">06 50 54 44 16<\/a><\/strong><br>\n<strong><a href=\"mailto:contact@groupehyperion.com\">contact@groupehyperion.com<\/a><\/strong><\/p>\n<p>AGD-034-2028-11-07-20230306286<\/p>\n<\/div><\/div><\/div><\/div><\/div><div class=\"w-tabs-section\" id=\"bc30\"><button class=\"w-tabs-section-header\" aria-controls=\"content-bc30\" aria-expanded=\"false\"><h3 class=\"w-tabs-section-title\">D&Eacute;TECTIVE PRIV&Eacute; RH&Ocirc;NE-ALPES<\/h3><div class=\"w-tabs-section-control\"><\/div><\/button><div class=\"w-tabs-section-content\" id=\"content-bc30\"><div class=\"w-tabs-section-content-h i-cf\"><div class=\"wpb_text_column\"><div class=\"wpb_wrapper\"><p><strong>Agence de Lyon<\/strong><br>\nArcanis Investigations<br>\nDirig&eacute;e par Liza CHEVREL<br>\n69000 LYON<\/p>\n<p><strong><a href=\"callto:+33603674869\">06 03 67 48 69<\/a><\/strong><br>\n<strong><a href=\"mailto:arcanis@groupehyperion.com\">arcanis@groupehyperion.com<\/a> <\/strong><\/p>\n<p><em>AUT-074-2121-03-29-20220819586<\/em><\/p>\n<\/div><\/div><\/div><\/div><\/div><div class=\"w-tabs-section\" id=\"wf99\"><button class=\"w-tabs-section-header\" aria-controls=\"content-wf99\" aria-expanded=\"false\"><h3 class=\"w-tabs-section-title\">D&Eacute;TECTIVE PRIV&Eacute; DANS L&rsquo;H&Eacute;RAULT<\/h3><div class=\"w-tabs-section-control\"><\/div><\/button><div class=\"w-tabs-section-content\" id=\"content-wf99\"><div class=\"w-tabs-section-content-h i-cf\"><div class=\"wpb_text_column\"><div class=\"wpb_wrapper\"><p><strong>Agence de Montpellier<\/strong><br>\nHyperion Investigations<br>\nDirig&eacute; par J&eacute;r&eacute;my FONTANILLE<br>\n65 Rue de la Garriguette<br>\n34130 Saint-Aun&egrave;s<\/p>\n<p><strong><a href=\"callto:+33650544416\">06 50 54 44 16<\/a><\/strong><br>\n<strong><a href=\"mailto:contact@groupehyperion.com\">contact@groupehyperion.com<\/a><\/strong><\/p>\n<p><em>AUT-031-2117-06-22-20180644371<\/em><\/p>\n<\/div><\/div><\/div><\/div><\/div><div class=\"w-tabs-section\" id=\"w30b\"><button class=\"w-tabs-section-header\" aria-controls=\"content-w30b\" aria-expanded=\"false\"><h3 class=\"w-tabs-section-title\">D&Eacute;TECTIVE PRIV&Eacute; HAUTE-GARONNE<\/h3><div class=\"w-tabs-section-control\"><\/div><\/button><div class=\"w-tabs-section-content\" id=\"content-w30b\"><div class=\"w-tabs-section-content-h i-cf\"><div class=\"wpb_text_column\"><div class=\"wpb_wrapper\"><p><strong>Agence de Toulouse<\/strong><br>\nHyperion Investigations<br>\nDirig&eacute; par J&eacute;r&eacute;my FONTANILLE<br>\n38 Rue Gabriel P&eacute;ri<br>\n31000 Toulouse<br>\n<a href=\"https:\/\/www.google.com\/maps\/place\/data=!4m2!3m1!1s0x12aebb5d3ef00001:0xca33bc195e1188f2?sa=X&amp;ved=1t:8290&amp;ictx=111\"><br>\n<\/a><strong><a href=\"callto:+33650544416\">06 50 54 44 16<\/a><\/strong><br>\n<strong><a href=\"mailto:contact@groupehyperion.com\">contact@groupehyperion.com<\/a><\/strong><\/p>\n<p>AUT-031-2117-06-22-20180644371<\/p>\n<\/div><\/div><\/div><\/div><\/div><div class=\"w-tabs-section\" id=\"i6b5\"><button class=\"w-tabs-section-header\" aria-controls=\"content-i6b5\" aria-expanded=\"false\"><h3 class=\"w-tabs-section-title\">D&Eacute;TECTIVE PRIV&Eacute; NOUVELLE AQUITAINE<\/h3><div class=\"w-tabs-section-control\"><\/div><\/button><div class=\"w-tabs-section-content\" id=\"content-i6b5\"><div class=\"w-tabs-section-content-h i-cf\"><div class=\"wpb_text_column\"><div class=\"wpb_wrapper\"><p><strong>Agence de Limoges<\/strong><br>\nHyperion Investigations<br>\nDirig&eacute; par J&eacute;r&eacute;my FONTANILLE<br>\n38 Rue Fran&ccedil;ois Che&#769;nieux<br>\n87000 Limoges<\/p>\n<p><strong><a href=\"callto:+33650544416\">06 50 54 44 16<\/a><\/strong><br>\n<strong><a href=\"callto:+33587070464\">05 87 07 04 64<\/a><\/strong><br>\n<a href=\"mailto:contact@groupehyperion.com\">contact@groupehyperion.com<\/a><\/p>\n<p><em>AUT-033-2112-02-24-20130318251<\/em><\/p>\n<\/div><\/div><\/div><\/div><\/div><div class=\"w-tabs-section\" id=\"m9fc\"><button class=\"w-tabs-section-header\" aria-controls=\"content-m9fc\" aria-expanded=\"false\"><h3 class=\"w-tabs-section-title\">D&Eacute;TECTIVE PRIV&Eacute; EN PAYS DE LA LOIRE<\/h3><div class=\"w-tabs-section-control\"><\/div><\/button><div class=\"w-tabs-section-content\" id=\"content-m9fc\"><div class=\"w-tabs-section-content-h i-cf\"><div class=\"wpb_text_column\"><div class=\"wpb_wrapper\"><p><strong>Agence de Angers<\/strong><br>Privenqu&ecirc;te<br>Dirig&eacute; par Adrien Guerier<br>2 Sq. Lafayette<br>49000 Angers<\/p>\n<p><strong><a href=\"callto:+33650544416\">06 50 54 44 16<\/a><\/strong><br><strong><a href=\"mailto:loire@groupehyperion.com\">loire@groupehyperion.com<\/a><\/strong><\/p>\n<p>AUT-049-2122-06-23-20230868721<\/p>\n<\/div><\/div><\/div><\/div><\/div><div class=\"w-tabs-section\" id=\"gd5f\"><button class=\"w-tabs-section-header\" aria-controls=\"content-gd5f\" aria-expanded=\"false\"><h3 class=\"w-tabs-section-title\">D&Eacute;TECTIVE PRIV&Eacute; EN PACA<\/h3><div class=\"w-tabs-section-control\"><\/div><\/button><div class=\"w-tabs-section-content\" id=\"content-gd5f\"><div class=\"w-tabs-section-content-h i-cf\"><div class=\"wpb_text_column\"><div class=\"wpb_wrapper\"><p><strong>Aquila Strat&eacute;gie<\/strong> (Partenaire)<br>\nDirig&eacute; par Victor de VILLEBLANCHE<br>\n437 Rue Jean Jaur&egrave;s<br>\n83000 Toulon<\/p>\n<p><strong><a href=\"callto:+33494239913\">04 94 23 99 13<\/a><\/strong><br>\n<strong><a href=\"mailto:paca@groupehyperion.com\">paca@groupehyperion.com<\/a><\/strong><\/p>\n<p><em>AUT-083-2122-11-09-20230891184<\/em><\/p>\n<\/div><\/div><\/div><\/div><\/div><\/div><\/div><\/div><\/div><\/div><\/div><\/section>\n","protected":false},"excerpt":{"rendered":"<p>\u041d\u0430\u0448\u0438 \u0447\u0430\u0441\u0442\u043d\u044b\u0435 \u0434\u0435\u0442\u0435\u043a\u0442\u0438\u0432\u044b \u0432\u043e \u0424\u0440\u0430\u043d\u0446\u0438\u0438 Hyperion Group - \u044d\u0442\u043e \u0441\u0435\u0442\u044c \u0447\u0430\u0441\u0442\u043d\u044b\u0445 \u0434\u0435\u0442\u0435\u043a\u0442\u0438\u0432\u043e\u0432, \u043a\u043e\u0442\u043e\u0440\u0430\u044f \u043c\u043e\u0436\u0435\u0442 \u0440\u0430\u0431\u043e\u0442\u0430\u0442\u044c \u043f\u043e \u0432\u0441\u0435\u0439 \u0424\u0440\u0430\u043d\u0446\u0438\u0438 \u0431\u043b\u0430\u0433\u043e\u0434\u0430\u0440\u044f \u043c\u043d\u043e\u0436\u0435\u0441\u0442\u0432\u0443 \u0430\u0433\u0435\u043d\u0442\u0441\u0442\u0432 \u0441 \u0432\u044b\u0441\u043e\u043a\u043e\u0439 \u0440\u0435\u043f\u0443\u0442\u0430\u0446\u0438\u0435\u0439. \u0427\u0430\u0441\u0442\u043d\u044b\u0439 \u0434\u0435\u0442\u0435\u043a\u0442\u0438\u0432 \u0432 \u0428\u0412\u0415\u0419\u0426\u0415\u0420\u041b\u0410\u041d\u0414\u0418\u0418 \u0410\u0433\u0435\u043d\u0442\u0441\u0442\u0432\u043e Arcanis Investigations \u0432 \u0412\u0435\u0440\u0445\u043d\u0435\u0439 \u0421\u0430\u0432\u043e\u0439\u0435 \u041f\u043e\u0434 \u0440\u0443\u043a\u043e\u0432\u043e\u0434\u0441\u0442\u0432\u043e\u043c \u041b\u0438\u0437\u044b \u0428\u0435\u0432\u0440\u0435\u043b\u044c 251 route des marais 74250 FILINGES 06 03 67 48 69 arcanis@groupehyperion.com AUT-074-2121-03-29-20220819586 \u0427\u0410\u0421\u0422\u041d\u042b\u0419 \u0414\u0415\u0422\u0415\u041a\u0422\u0418\u0412...<\/p>","protected":false},"author":2,"featured_media":9358,"parent":0,"menu_order":0,"comment_status":"closed","ping_status":"closed","template":"","meta":{"footnotes":""},"class_list":["post-9400","page","type-page","status-publish","has-post-thumbnail","hentry"],"yoast_head":"<!-- This site is optimized with the Yoast SEO plugin v27.5 - https:\/\/yoast.com\/product\/yoast-seo-wordpress\/ -->\n<title>D\u00e9tective priv\u00e9 France - Groupe Hyperion<\/title>\n<meta name=\"description\" content=\"Besoin d\u2019un d\u00e9tective priv\u00e9 en France ? Le Groupe Hyperion vous accompagne avec discr\u00e9tion pour vos enqu\u00eates professionnelles et juridiques.\" \/>\n<meta name=\"robots\" content=\"index, follow, max-snippet:-1, max-image-preview:large, max-video-preview:-1\" \/>\n<link rel=\"canonical\" href=\"https:\/\/groupehyperion.com\/ru\/detective-prive\/\" \/>\n<meta property=\"og:locale\" content=\"ru_RU\" \/>\n<meta property=\"og:type\" content=\"article\" \/>\n<meta property=\"og:title\" content=\"D\u00e9tective priv\u00e9 France - Groupe Hyperion\" \/>\n<meta property=\"og:description\" content=\"Besoin d\u2019un d\u00e9tective priv\u00e9 en France ? Le Groupe Hyperion vous accompagne avec discr\u00e9tion pour vos enqu\u00eates professionnelles et juridiques.\" \/>\n<meta property=\"og:url\" content=\"https:\/\/groupehyperion.com\/ru\/detective-prive\/\" \/>\n<meta property=\"og:site_name\" content=\"Groupe Hyperion\" \/>\n<meta property=\"article:modified_time\" content=\"2026-04-24T14:54:30+00:00\" \/>\n<meta property=\"og:image\" content=\"https:\/\/groupehyperion.com\/wp-content\/uploads\/2025\/02\/detective-prive-hyperion-paris3.webp\" \/>\n\t<meta property=\"og:image:width\" content=\"1920\" \/>\n\t<meta property=\"og:image:height\" content=\"800\" \/>\n\t<meta property=\"og:image:type\" content=\"image\/webp\" \/>\n<meta name=\"twitter:card\" content=\"summary_large_image\" \/>\n<meta name=\"twitter:label1\" content=\"\u041f\u0440\u0438\u043c\u0435\u0440\u043d\u043e\u0435 \u0432\u0440\u0435\u043c\u044f \u0434\u043b\u044f \u0447\u0442\u0435\u043d\u0438\u044f\" \/>\n\t<meta name=\"twitter:data1\" content=\"2 \u043c\u0438\u043d\u0443\u0442\u044b\" \/>\n<script type=\"application\/ld+json\" class=\"yoast-schema-graph\">{\"@context\":\"https:\\\/\\\/schema.org\",\"@graph\":[{\"@type\":\"WebPage\",\"@id\":\"https:\\\/\\\/groupehyperion.com\\\/ru\\\/detective-prive\\\/\",\"url\":\"https:\\\/\\\/groupehyperion.com\\\/ru\\\/detective-prive\\\/\",\"name\":\"D\u00e9tective priv\u00e9 France - Groupe Hyperion\",\"isPartOf\":{\"@id\":\"https:\\\/\\\/groupehyperion.com\\\/ru\\\/#website\"},\"primaryImageOfPage\":{\"@id\":\"https:\\\/\\\/groupehyperion.com\\\/ru\\\/detective-prive\\\/#primaryimage\"},\"image\":{\"@id\":\"https:\\\/\\\/groupehyperion.com\\\/ru\\\/detective-prive\\\/#primaryimage\"},\"thumbnailUrl\":\"https:\\\/\\\/groupehyperion.com\\\/wp-content\\\/uploads\\\/2025\\\/02\\\/detective-prive-hyperion-paris3.webp\",\"datePublished\":\"2025-02-14T09:46:35+00:00\",\"dateModified\":\"2026-04-24T14:54:30+00:00\",\"description\":\"Besoin d\u2019un d\u00e9tective priv\u00e9 en France ? Le Groupe Hyperion vous accompagne avec discr\u00e9tion pour vos enqu\u00eates professionnelles et juridiques.\",\"breadcrumb\":{\"@id\":\"https:\\\/\\\/groupehyperion.com\\\/ru\\\/detective-prive\\\/#breadcrumb\"},\"inLanguage\":\"ru-RU\",\"potentialAction\":[{\"@type\":\"ReadAction\",\"target\":[\"https:\\\/\\\/groupehyperion.com\\\/ru\\\/detective-prive\\\/\"]}]},{\"@type\":\"ImageObject\",\"inLanguage\":\"ru-RU\",\"@id\":\"https:\\\/\\\/groupehyperion.com\\\/ru\\\/detective-prive\\\/#primaryimage\",\"url\":\"https:\\\/\\\/groupehyperion.com\\\/wp-content\\\/uploads\\\/2025\\\/02\\\/detective-prive-hyperion-paris3.webp\",\"contentUrl\":\"https:\\\/\\\/groupehyperion.com\\\/wp-content\\\/uploads\\\/2025\\\/02\\\/detective-prive-hyperion-paris3.webp\",\"width\":1920,\"height\":800,\"caption\":\"Groupe Hyp\u00e9rion, agence de d\u00e9tectives priv\u00e9s \u00e0 Paris\"},{\"@type\":\"BreadcrumbList\",\"@id\":\"https:\\\/\\\/groupehyperion.com\\\/ru\\\/detective-prive\\\/#breadcrumb\",\"itemListElement\":[{\"@type\":\"ListItem\",\"position\":1,\"name\":\"Accueil\",\"item\":\"https:\\\/\\\/groupehyperion.com\\\/\"},{\"@type\":\"ListItem\",\"position\":2,\"name\":\"D\u00e9tective priv\u00e9\"}]},{\"@type\":\"WebSite\",\"@id\":\"https:\\\/\\\/groupehyperion.com\\\/ru\\\/#website\",\"url\":\"https:\\\/\\\/groupehyperion.com\\\/ru\\\/\",\"name\":\"Groupe Hyperion\",\"description\":\"D\u00e9tective Priv\u00e9 Montpellier\",\"publisher\":{\"@id\":\"https:\\\/\\\/groupehyperion.com\\\/ru\\\/#organization\"},\"potentialAction\":[{\"@type\":\"SearchAction\",\"target\":{\"@type\":\"EntryPoint\",\"urlTemplate\":\"https:\\\/\\\/groupehyperion.com\\\/ru\\\/?s={search_term_string}\"},\"query-input\":{\"@type\":\"PropertyValueSpecification\",\"valueRequired\":true,\"valueName\":\"search_term_string\"}}],\"inLanguage\":\"ru-RU\"},{\"@type\":\"Organization\",\"@id\":\"https:\\\/\\\/groupehyperion.com\\\/ru\\\/#organization\",\"name\":\"Groupe Hyperion\",\"alternateName\":\"GROUPE HYPERION\",\"url\":\"https:\\\/\\\/groupehyperion.com\\\/ru\\\/\",\"logo\":{\"@type\":\"ImageObject\",\"inLanguage\":\"ru-RU\",\"@id\":\"https:\\\/\\\/groupehyperion.com\\\/ru\\\/#\\\/schema\\\/logo\\\/image\\\/\",\"url\":\"https:\\\/\\\/groupehyperion.com\\\/wp-content\\\/uploads\\\/2025\\\/01\\\/Goupe-Hyperion-detective-prive-montpellier-logo-coul-web-01.png\",\"contentUrl\":\"https:\\\/\\\/groupehyperion.com\\\/wp-content\\\/uploads\\\/2025\\\/01\\\/Goupe-Hyperion-detective-prive-montpellier-logo-coul-web-01.png\",\"width\":474,\"height\":263,\"caption\":\"Groupe Hyperion\"},\"image\":{\"@id\":\"https:\\\/\\\/groupehyperion.com\\\/ru\\\/#\\\/schema\\\/logo\\\/image\\\/\"}}]}<\/script>\n<!-- \/ Yoast SEO plugin. -->","yoast_head_json":{"title":"\u0427\u0430\u0441\u0442\u043d\u044b\u0439 \u0434\u0435\u0442\u0435\u043a\u0442\u0438\u0432 \u0424\u0440\u0430\u043d\u0446\u0438\u044f - \u0413\u0438\u043f\u0435\u0440\u0438\u043e\u043d \u0413\u0440\u0443\u043f\u043f","description":"\u0412\u0430\u043c \u043d\u0443\u0436\u0435\u043d \u0447\u0430\u0441\u0442\u043d\u044b\u0439 \u0434\u0435\u0442\u0435\u043a\u0442\u0438\u0432 \u0432\u043e \u0424\u0440\u0430\u043d\u0446\u0438\u0438? Hyperion Group \u043c\u043e\u0436\u0435\u0442 \u043f\u043e\u043c\u043e\u0447\u044c \u0432\u0430\u043c \u0432 \u043f\u0440\u043e\u0432\u0435\u0434\u0435\u043d\u0438\u0438 \u043f\u0440\u043e\u0444\u0435\u0441\u0441\u0438\u043e\u043d\u0430\u043b\u044c\u043d\u044b\u0445 \u0438 \u044e\u0440\u0438\u0434\u0438\u0447\u0435\u0441\u043a\u0438\u0445 \u0440\u0430\u0441\u0441\u043b\u0435\u0434\u043e\u0432\u0430\u043d\u0438\u0439.","robots":{"index":"index","follow":"follow","max-snippet":"max-snippet:-1","max-image-preview":"max-image-preview:large","max-video-preview":"max-video-preview:-1"},"canonical":"https:\/\/groupehyperion.com\/ru\/detective-prive\/","og_locale":"ru_RU","og_type":"article","og_title":"D\u00e9tective priv\u00e9 France - Groupe Hyperion","og_description":"Besoin d\u2019un d\u00e9tective priv\u00e9 en France ? Le Groupe Hyperion vous accompagne avec discr\u00e9tion pour vos enqu\u00eates professionnelles et juridiques.","og_url":"https:\/\/groupehyperion.com\/ru\/detective-prive\/","og_site_name":"Groupe Hyperion","article_modified_time":"2026-04-24T14:54:30+00:00","og_image":[{"width":1920,"height":800,"url":"https:\/\/groupehyperion.com\/wp-content\/uploads\/2025\/02\/detective-prive-hyperion-paris3.webp","type":"image\/webp"}],"twitter_card":"summary_large_image","twitter_misc":{"\u041f\u0440\u0438\u043c\u0435\u0440\u043d\u043e\u0435 \u0432\u0440\u0435\u043c\u044f \u0434\u043b\u044f \u0447\u0442\u0435\u043d\u0438\u044f":"2 \u043c\u0438\u043d\u0443\u0442\u044b"},"schema":{"@context":"https:\/\/schema.org","@graph":[{"@type":"WebPage","@id":"https:\/\/groupehyperion.com\/ru\/detective-prive\/","url":"https:\/\/groupehyperion.com\/ru\/detective-prive\/","name":"\u0427\u0430\u0441\u0442\u043d\u044b\u0439 \u0434\u0435\u0442\u0435\u043a\u0442\u0438\u0432 \u0424\u0440\u0430\u043d\u0446\u0438\u044f - \u0413\u0438\u043f\u0435\u0440\u0438\u043e\u043d \u0413\u0440\u0443\u043f\u043f","isPartOf":{"@id":"https:\/\/groupehyperion.com\/ru\/#website"},"primaryImageOfPage":{"@id":"https:\/\/groupehyperion.com\/ru\/detective-prive\/#primaryimage"},"image":{"@id":"https:\/\/groupehyperion.com\/ru\/detective-prive\/#primaryimage"},"thumbnailUrl":"https:\/\/groupehyperion.com\/wp-content\/uploads\/2025\/02\/detective-prive-hyperion-paris3.webp","datePublished":"2025-02-14T09:46:35+00:00","dateModified":"2026-04-24T14:54:30+00:00","description":"\u0412\u0430\u043c \u043d\u0443\u0436\u0435\u043d \u0447\u0430\u0441\u0442\u043d\u044b\u0439 \u0434\u0435\u0442\u0435\u043a\u0442\u0438\u0432 \u0432\u043e \u0424\u0440\u0430\u043d\u0446\u0438\u0438? Hyperion Group \u043c\u043e\u0436\u0435\u0442 \u043f\u043e\u043c\u043e\u0447\u044c \u0432\u0430\u043c \u0432 \u043f\u0440\u043e\u0432\u0435\u0434\u0435\u043d\u0438\u0438 \u043f\u0440\u043e\u0444\u0435\u0441\u0441\u0438\u043e\u043d\u0430\u043b\u044c\u043d\u044b\u0445 \u0438 \u044e\u0440\u0438\u0434\u0438\u0447\u0435\u0441\u043a\u0438\u0445 \u0440\u0430\u0441\u0441\u043b\u0435\u0434\u043e\u0432\u0430\u043d\u0438\u0439.","breadcrumb":{"@id":"https:\/\/groupehyperion.com\/ru\/detective-prive\/#breadcrumb"},"inLanguage":"ru-RU","potentialAction":[{"@type":"ReadAction","target":["https:\/\/groupehyperion.com\/ru\/detective-prive\/"]}]},{"@type":"ImageObject","inLanguage":"ru-RU","@id":"https:\/\/groupehyperion.com\/ru\/detective-prive\/#primaryimage","url":"https:\/\/groupehyperion.com\/wp-content\/uploads\/2025\/02\/detective-prive-hyperion-paris3.webp","contentUrl":"https:\/\/groupehyperion.com\/wp-content\/uploads\/2025\/02\/detective-prive-hyperion-paris3.webp","width":1920,"height":800,"caption":"Groupe Hyp\u00e9rion, agence de d\u00e9tectives priv\u00e9s \u00e0 Paris"},{"@type":"BreadcrumbList","@id":"https:\/\/groupehyperion.com\/ru\/detective-prive\/#breadcrumb","itemListElement":[{"@type":"ListItem","position":1,"name":"Accueil","item":"https:\/\/groupehyperion.com\/"},{"@type":"ListItem","position":2,"name":"D\u00e9tective priv\u00e9"}]},{"@type":"WebSite","@id":"https:\/\/groupehyperion.com\/ru\/#website","url":"https:\/\/groupehyperion.com\/ru\/","name":"\u0413\u0438\u043f\u0435\u0440\u0438\u043e\u043d \u0413\u0440\u0443\u043f\u043f","description":"\u0427\u0430\u0441\u0442\u043d\u044b\u0439 \u0434\u0435\u0442\u0435\u043a\u0442\u0438\u0432 \u041c\u043e\u043d\u043f\u0435\u043b\u044c\u0435","publisher":{"@id":"https:\/\/groupehyperion.com\/ru\/#organization"},"potentialAction":[{"@type":"SearchAction","target":{"@type":"EntryPoint","urlTemplate":"https:\/\/groupehyperion.com\/ru\/?s={search_term_string}"},"query-input":{"@type":"PropertyValueSpecification","valueRequired":true,"valueName":"search_term_string"}}],"inLanguage":"ru-RU"},{"@type":"Organization","@id":"https:\/\/groupehyperion.com\/ru\/#organization","name":"\u0413\u0438\u043f\u0435\u0440\u0438\u043e\u043d \u0413\u0440\u0443\u043f\u043f","alternateName":"GROUPE HYPERION","url":"https:\/\/groupehyperion.com\/ru\/","logo":{"@type":"ImageObject","inLanguage":"ru-RU","@id":"https:\/\/groupehyperion.com\/ru\/#\/schema\/logo\/image\/","url":"https:\/\/groupehyperion.com\/wp-content\/uploads\/2025\/01\/Goupe-Hyperion-detective-prive-montpellier-logo-coul-web-01.png","contentUrl":"https:\/\/groupehyperion.com\/wp-content\/uploads\/2025\/01\/Goupe-Hyperion-detective-prive-montpellier-logo-coul-web-01.png","width":474,"height":263,"caption":"Groupe Hyperion"},"image":{"@id":"https:\/\/groupehyperion.com\/ru\/#\/schema\/logo\/image\/"}}]}},"_links":{"self":[{"href":"https:\/\/groupehyperion.com\/ru\/wp-json\/wp\/v2\/pages\/9400","targetHints":{"allow":["GET"]}}],"collection":[{"href":"https:\/\/groupehyperion.com\/ru\/wp-json\/wp\/v2\/pages"}],"about":[{"href":"https:\/\/groupehyperion.com\/ru\/wp-json\/wp\/v2\/types\/page"}],"author":[{"embeddable":true,"href":"https:\/\/groupehyperion.com\/ru\/wp-json\/wp\/v2\/users\/2"}],"replies":[{"embeddable":true,"href":"https:\/\/groupehyperion.com\/ru\/wp-json\/wp\/v2\/comments?post=9400"}],"version-history":[{"count":25,"href":"https:\/\/groupehyperion.com\/ru\/wp-json\/wp\/v2\/pages\/9400\/revisions"}],"predecessor-version":[{"id":10758,"href":"https:\/\/groupehyperion.com\/ru\/wp-json\/wp\/v2\/pages\/9400\/revisions\/10758"}],"wp:featuredmedia":[{"embeddable":true,"href":"https:\/\/groupehyperion.com\/ru\/wp-json\/wp\/v2\/media\/9358"}],"wp:attachment":[{"href":"https:\/\/groupehyperion.com\/ru\/wp-json\/wp\/v2\/media?parent=9400"}],"curies":[{"name":"wp","href":"https:\/\/api.w.org\/{rel}","templated":true}]}}