{"id":10204,"date":"2025-07-18T09:32:44","date_gmt":"2025-07-18T09:32:44","guid":{"rendered":"https:\/\/groupehyperion.com\/?page_id=10204"},"modified":"2025-10-14T13:30:53","modified_gmt":"2025-10-14T13:30:53","slug":"definition-detective-prive","status":"publish","type":"page","link":"https:\/\/groupehyperion.com\/es\/definition-detective-prive\/","title":{"rendered":"Glosario - Detective privado"},"content":{"rendered":"<section class=\"l-section wpb_row height_custom\"><div class=\"l-section-overlay\" style=\"background:var(--color-header-middle-bg)\"><\/div><div class=\"l-section-h i-cf\"><div class=\"g-cols vc_row via_grid cols_1 laptops-cols_inherit tablets-cols_inherit mobiles-cols_1 valign_top type_default stacking_default\"><div class=\"wpb_column vc_column_container\"><div class=\"vc_column-inner\"><div class=\"w-html\"><div class=\"cm-glossary\"><div class=\"glossary-container\"><input type=\"hidden\" class=\"cmtt-attribute-field\" name=\"glossary_index_style\" value=\"classic\"><div id=\"glossaryList-nav\" class=\"listNav\" role=\"tablist\"><\/div><ul class=\"glossaryList\" role=\"tablist\" id=\"glossaryList\" itemscope itemtype=\"https:\/\/schema.org\/DefinedTermSet\"><li class=\"\" itemscope itemtype=\"https:\/\/schema.org\/DefinedTerm\"><a href=\"https:\/\/groupehyperion.com\/es\/lexique\/adultere-definition-et-recueil-de-preuves\/\" role=\"term\" class=\"glossaryLink glossary-link-title\" title=\"Lexique: Adult&egrave;re : d&eacute;finition et recueil de preuves\" style=\"\" itemprop=\"url\"><span itemprop=\"name\">Adult&egrave;re : d&eacute;finition et recueil de preuves<\/span><\/a><\/li><li class=\"\" itemscope itemtype=\"https:\/\/schema.org\/DefinedTerm\"><a href=\"https:\/\/groupehyperion.com\/es\/lexique\/cnaps\/\" role=\"term\" class=\"glossaryLink glossary-link-title\" title=\"Lexique: Arr&ecirc;t Maladie Abusif\" style=\"\" itemprop=\"url\"><span itemprop=\"name\">Arr&ecirc;t Maladie Abusif<\/span><\/a><\/li><li class=\"\" itemscope itemtype=\"https:\/\/schema.org\/DefinedTerm\"><a href=\"https:\/\/groupehyperion.com\/es\/lexique\/camera-cachee-definition-et-detection\/\" role=\"term\" class=\"glossaryLink glossary-link-title\" title=\"Lexique: Cam&eacute;ra cach&eacute;e : d&eacute;finition et d&eacute;tection\" style=\"\" itemprop=\"url\"><span itemprop=\"name\">Cam&eacute;ra cach&eacute;e : d&eacute;finition et d&eacute;tection<\/span><\/a><\/li><li class=\"\" itemscope itemtype=\"https:\/\/schema.org\/DefinedTerm\"><a href=\"https:\/\/groupehyperion.com\/es\/lexique\/cnaps\/\" role=\"term\" class=\"glossaryLink glossary-link-title\" title=\"Lexique: CNAPS\" style=\"\" itemprop=\"url\"><span itemprop=\"name\">CNAPS<\/span><\/a><\/li><li class=\"\" itemscope itemtype=\"https:\/\/schema.org\/DefinedTerm\"><a href=\"https:\/\/groupehyperion.com\/es\/lexique\/concurrence-deloyale\/\" role=\"term\" class=\"glossaryLink glossary-link-title\" title=\"Lexique: Concurrence d&eacute;loyale\" style=\"\" itemprop=\"url\"><span itemprop=\"name\">Competencia desleal<\/span><\/a><\/li><li class=\"\" itemscope itemtype=\"https:\/\/schema.org\/DefinedTerm\"><a href=\"https:\/\/groupehyperion.com\/es\/lexique\/contrefacon-definition-et-protection-de-vos-droits\/\" role=\"term\" class=\"glossaryLink glossary-link-title\" title=\"Lexique: Contrefa&ccedil;on : d&eacute;finition et protection de vos droits\" style=\"\" itemprop=\"url\"><span itemprop=\"name\">Contrefa&ccedil;on : d&eacute;finition et protection de vos droits<\/span><\/a><\/li><li class=\"\" itemscope itemtype=\"https:\/\/schema.org\/DefinedTerm\"><a href=\"https:\/\/groupehyperion.com\/es\/lexique\/filature\/\" role=\"term\" class=\"glossaryLink glossary-link-title\" title=\"Lexique: Filature\" style=\"\" itemprop=\"url\"><span itemprop=\"name\">Hilander\u00eda<\/span><\/a><\/li><li class=\"\" itemscope itemtype=\"https:\/\/schema.org\/DefinedTerm\"><a href=\"https:\/\/groupehyperion.com\/es\/lexique\/harcelement-moral-definition\/\" role=\"term\" class=\"glossaryLink glossary-link-title\" title=\"Glosario: Acoso\" style=\"\" itemprop=\"url\"><span itemprop=\"name\">Acoso<\/span><\/a><\/li><li class=\"\" itemscope itemtype=\"https:\/\/schema.org\/DefinedTerm\"><a href=\"https:\/\/groupehyperion.com\/es\/lexique\/identite-numerique\/\" role=\"term\" class=\"glossaryLink glossary-link-title\" title=\"Glosario: Identidad digital\" style=\"\" itemprop=\"url\"><span itemprop=\"name\">Identidad digital<\/span><\/a><\/li><li class=\"\" itemscope itemtype=\"https:\/\/schema.org\/DefinedTerm\"><a href=\"https:\/\/groupehyperion.com\/es\/lexique\/litiges\/\" role=\"term\" class=\"glossaryLink glossary-link-title\" title=\"Lexique: Litiges\" style=\"\" itemprop=\"url\"><span itemprop=\"name\">Litigios<\/span><\/a><\/li><li class=\"\" itemscope itemtype=\"https:\/\/schema.org\/DefinedTerm\"><a href=\"https:\/\/groupehyperion.com\/es\/lexique\/localisation-gps-definition\/\" role=\"term\" class=\"glossaryLink glossary-link-title\" title=\"Glosario: Localizaci\u00f3n GPS\" style=\"\" itemprop=\"url\"><span itemprop=\"name\">Localizaci\u00f3n GPS<\/span><\/a><\/li><li class=\"\" itemscope itemtype=\"https:\/\/schema.org\/DefinedTerm\"><a href=\"https:\/\/groupehyperion.com\/es\/lexique\/micro-espion\/\" role=\"term\" class=\"glossaryLink glossary-link-title\" title=\"Lexique: Micro espion\" style=\"\" itemprop=\"url\"><span itemprop=\"name\">Micro espion<\/span><\/a><\/li><li class=\"\" itemscope itemtype=\"https:\/\/schema.org\/DefinedTerm\"><a href=\"https:\/\/groupehyperion.com\/es\/lexique\/micro-espion-definition-et-detection\/\" role=\"term\" class=\"glossaryLink glossary-link-title\" title=\"Lexique: Micro espion : d&eacute;finition et d&eacute;tection\" style=\"\" itemprop=\"url\"><span itemprop=\"name\">Micro espion : d&eacute;finition et d&eacute;tection<\/span><\/a><\/li><li class=\"\" itemscope itemtype=\"https:\/\/schema.org\/DefinedTerm\"><a href=\"https:\/\/groupehyperion.com\/es\/lexique\/preuve-recevable\/\" role=\"term\" class=\"glossaryLink glossary-link-title\" title=\"Lexique: Preuve recevable\" style=\"\" itemprop=\"url\"><span itemprop=\"name\">Preuve recevable<\/span><\/a><\/li><li class=\"\" itemscope itemtype=\"https:\/\/schema.org\/DefinedTerm\"><a href=\"https:\/\/groupehyperion.com\/es\/lexique\/tscm-technical-surveillance-countermeasures\/\" role=\"term\" class=\"glossaryLink glossary-link-title\" title=\"Lexique: TSCM (Technical Surveillance Countermeasures)\" style=\"\" itemprop=\"url\"><span itemprop=\"name\">TSCM (Technical Surveillance Countermeasures)<\/span><\/a><\/li><\/ul><\/div><\/div><\/div><\/div><\/div><\/div><\/div><\/section><div class=\"cm-glossary\"><div class=\"glossary-container\"><input type=\"hidden\" class=\"cmtt-attribute-field\" name=\"glossary_index_style\" value=\"classic\"><div id=\"glossaryList-nav\" class=\"listNav\" role=\"tablist\"><\/div><ul class=\"glossaryList\" role=\"tablist\" id=\"glossaryList\" itemscope itemtype=\"https:\/\/schema.org\/DefinedTermSet\"><li class=\"\" itemscope itemtype=\"https:\/\/schema.org\/DefinedTerm\"><a href=\"https:\/\/groupehyperion.com\/es\/lexique\/adultere-definition-et-recueil-de-preuves\/\" role=\"term\" class=\"glossaryLink glossary-link-title\" title=\"Lexique: Adult&egrave;re : d&eacute;finition et recueil de preuves\" style=\"\" itemprop=\"url\"><span itemprop=\"name\">Adult&egrave;re : d&eacute;finition et recueil de preuves<\/span><\/a><\/li><li class=\"\" itemscope itemtype=\"https:\/\/schema.org\/DefinedTerm\"><a href=\"https:\/\/groupehyperion.com\/es\/lexique\/cnaps\/\" role=\"term\" class=\"glossaryLink glossary-link-title\" title=\"Lexique: Arr&ecirc;t Maladie Abusif\" style=\"\" itemprop=\"url\"><span itemprop=\"name\">Arr&ecirc;t Maladie Abusif<\/span><\/a><\/li><li class=\"\" itemscope itemtype=\"https:\/\/schema.org\/DefinedTerm\"><a href=\"https:\/\/groupehyperion.com\/es\/lexique\/camera-cachee-definition-et-detection\/\" role=\"term\" class=\"glossaryLink glossary-link-title\" title=\"Lexique: Cam&eacute;ra cach&eacute;e : d&eacute;finition et d&eacute;tection\" style=\"\" itemprop=\"url\"><span itemprop=\"name\">Cam&eacute;ra cach&eacute;e : d&eacute;finition et d&eacute;tection<\/span><\/a><\/li><li class=\"\" itemscope itemtype=\"https:\/\/schema.org\/DefinedTerm\"><a href=\"https:\/\/groupehyperion.com\/es\/lexique\/cnaps\/\" role=\"term\" class=\"glossaryLink glossary-link-title\" title=\"Lexique: CNAPS\" style=\"\" itemprop=\"url\"><span itemprop=\"name\">CNAPS<\/span><\/a><\/li><li class=\"\" itemscope itemtype=\"https:\/\/schema.org\/DefinedTerm\"><a href=\"https:\/\/groupehyperion.com\/es\/lexique\/concurrence-deloyale\/\" role=\"term\" class=\"glossaryLink glossary-link-title\" title=\"Lexique: Concurrence d&eacute;loyale\" style=\"\" itemprop=\"url\"><span itemprop=\"name\">Competencia desleal<\/span><\/a><\/li><li class=\"\" itemscope itemtype=\"https:\/\/schema.org\/DefinedTerm\"><a href=\"https:\/\/groupehyperion.com\/es\/lexique\/contrefacon-definition-et-protection-de-vos-droits\/\" role=\"term\" class=\"glossaryLink glossary-link-title\" title=\"Lexique: Contrefa&ccedil;on : d&eacute;finition et protection de vos droits\" style=\"\" itemprop=\"url\"><span itemprop=\"name\">Contrefa&ccedil;on : d&eacute;finition et protection de vos droits<\/span><\/a><\/li><li class=\"\" itemscope itemtype=\"https:\/\/schema.org\/DefinedTerm\"><a href=\"https:\/\/groupehyperion.com\/es\/lexique\/filature\/\" role=\"term\" class=\"glossaryLink glossary-link-title\" title=\"Lexique: Filature\" style=\"\" itemprop=\"url\"><span itemprop=\"name\">Hilander\u00eda<\/span><\/a><\/li><li class=\"\" itemscope itemtype=\"https:\/\/schema.org\/DefinedTerm\"><a href=\"https:\/\/groupehyperion.com\/es\/lexique\/harcelement-moral-definition\/\" role=\"term\" class=\"glossaryLink glossary-link-title\" title=\"Glosario: Acoso\" style=\"\" itemprop=\"url\"><span itemprop=\"name\">Acoso<\/span><\/a><\/li><li class=\"\" itemscope itemtype=\"https:\/\/schema.org\/DefinedTerm\"><a href=\"https:\/\/groupehyperion.com\/es\/lexique\/identite-numerique\/\" role=\"term\" class=\"glossaryLink glossary-link-title\" title=\"Glosario: Identidad digital\" style=\"\" itemprop=\"url\"><span itemprop=\"name\">Identidad digital<\/span><\/a><\/li><li class=\"\" itemscope itemtype=\"https:\/\/schema.org\/DefinedTerm\"><a href=\"https:\/\/groupehyperion.com\/es\/lexique\/litiges\/\" role=\"term\" class=\"glossaryLink glossary-link-title\" title=\"Lexique: Litiges\" style=\"\" itemprop=\"url\"><span itemprop=\"name\">Litigios<\/span><\/a><\/li><li class=\"\" itemscope itemtype=\"https:\/\/schema.org\/DefinedTerm\"><a href=\"https:\/\/groupehyperion.com\/es\/lexique\/localisation-gps-definition\/\" role=\"term\" class=\"glossaryLink glossary-link-title\" title=\"Glosario: Localizaci\u00f3n GPS\" style=\"\" itemprop=\"url\"><span itemprop=\"name\">Localizaci\u00f3n GPS<\/span><\/a><\/li><li class=\"\" itemscope itemtype=\"https:\/\/schema.org\/DefinedTerm\"><a href=\"https:\/\/groupehyperion.com\/es\/lexique\/micro-espion\/\" role=\"term\" class=\"glossaryLink glossary-link-title\" title=\"Lexique: Micro espion\" style=\"\" itemprop=\"url\"><span itemprop=\"name\">Micro espion<\/span><\/a><\/li><li class=\"\" itemscope itemtype=\"https:\/\/schema.org\/DefinedTerm\"><a href=\"https:\/\/groupehyperion.com\/es\/lexique\/micro-espion-definition-et-detection\/\" role=\"term\" class=\"glossaryLink glossary-link-title\" title=\"Lexique: Micro espion : d&eacute;finition et d&eacute;tection\" style=\"\" itemprop=\"url\"><span itemprop=\"name\">Micro espion : d&eacute;finition et d&eacute;tection<\/span><\/a><\/li><li class=\"\" itemscope itemtype=\"https:\/\/schema.org\/DefinedTerm\"><a href=\"https:\/\/groupehyperion.com\/es\/lexique\/preuve-recevable\/\" role=\"term\" class=\"glossaryLink glossary-link-title\" title=\"Lexique: Preuve recevable\" style=\"\" itemprop=\"url\"><span itemprop=\"name\">Preuve recevable<\/span><\/a><\/li><li class=\"\" itemscope itemtype=\"https:\/\/schema.org\/DefinedTerm\"><a href=\"https:\/\/groupehyperion.com\/es\/lexique\/tscm-technical-surveillance-countermeasures\/\" role=\"term\" class=\"glossaryLink glossary-link-title\" title=\"Lexique: TSCM (Technical Surveillance Countermeasures)\" style=\"\" itemprop=\"url\"><span itemprop=\"name\">TSCM (Technical Surveillance Countermeasures)<\/span><\/a><\/li><\/ul><\/div><\/div>","protected":false},"excerpt":{"rendered":"<p>Adult&egrave;re : d&eacute;finition et recueil de preuvesArr&ecirc;t Maladie AbusifCam&eacute;ra cach&eacute;e : d&eacute;finition et d&eacute;tectionCNAPSConcurrence d&eacute;loyaleContrefa&ccedil;on : d&eacute;finition et protection de vos droitsFilatureHarc&egrave;lement moralIdentit&eacute; num&eacute;riqueLitigesLocalisation GPSMicro espionMicro espion : d&eacute;finition et d&eacute;tectionPreuve recevableTSCM (Technical Surveillance Countermeasures)Adult&egrave;re : d&eacute;finition et recueil de preuvesArr&ecirc;t Maladie AbusifCam&eacute;ra cach&eacute;e : d&eacute;finition et d&eacute;tectionCNAPSConcurrence d&eacute;loyaleContrefa&ccedil;on : d&eacute;finition et protection de vos...<\/p>","protected":false},"author":2,"featured_media":0,"parent":0,"menu_order":0,"comment_status":"closed","ping_status":"closed","template":"","meta":{"footnotes":""},"class_list":["post-10204","page","type-page","status-publish","hentry"],"yoast_head":"<!-- This site is optimized with the Yoast SEO plugin v27.5 - https:\/\/yoast.com\/product\/yoast-seo-wordpress\/ -->\n<title>Lexique - D\u00e9tective priv\u00e9 - Groupe Hyperion<\/title>\n<meta name=\"description\" content=\"D\u00e9couvrez le lexique du Groupe Hyp\u00e9rion \u00e0 Montpellier, r\u00e9seau de d\u00e9tectives priv\u00e9s agr\u00e9\u00e9s en France et \u00e0 l&#039;international.\" \/>\n<meta name=\"robots\" content=\"index, follow, max-snippet:-1, max-image-preview:large, max-video-preview:-1\" \/>\n<link rel=\"canonical\" href=\"https:\/\/groupehyperion.com\/es\/definition-detective-prive\/\" \/>\n<meta property=\"og:locale\" content=\"es_ES\" \/>\n<meta property=\"og:type\" content=\"article\" \/>\n<meta property=\"og:title\" content=\"Lexique - D\u00e9tective priv\u00e9 - Groupe Hyperion\" \/>\n<meta property=\"og:description\" content=\"D\u00e9couvrez le lexique du Groupe Hyp\u00e9rion \u00e0 Montpellier, r\u00e9seau de d\u00e9tectives priv\u00e9s agr\u00e9\u00e9s en France et \u00e0 l&#039;international.\" \/>\n<meta property=\"og:url\" content=\"https:\/\/groupehyperion.com\/es\/definition-detective-prive\/\" \/>\n<meta property=\"og:site_name\" content=\"Groupe Hyperion\" \/>\n<meta property=\"article:modified_time\" content=\"2025-10-14T13:30:53+00:00\" \/>\n<meta property=\"og:image\" content=\"https:\/\/groupehyperion.com\/wp-content\/uploads\/2025\/01\/Goupe-Hyperion-detective-prive-montpellier-logo-coul-web-01.png\" \/>\n\t<meta property=\"og:image:width\" content=\"474\" \/>\n\t<meta property=\"og:image:height\" content=\"263\" \/>\n\t<meta property=\"og:image:type\" content=\"image\/png\" \/>\n<meta name=\"twitter:card\" content=\"summary_large_image\" \/>\n<script type=\"application\/ld+json\" class=\"yoast-schema-graph\">{\"@context\":\"https:\\\/\\\/schema.org\",\"@graph\":[{\"@type\":\"WebPage\",\"@id\":\"https:\\\/\\\/groupehyperion.com\\\/es\\\/definition-detective-prive\\\/\",\"url\":\"https:\\\/\\\/groupehyperion.com\\\/es\\\/definition-detective-prive\\\/\",\"name\":\"Lexique - D\u00e9tective priv\u00e9 - Groupe Hyperion\",\"isPartOf\":{\"@id\":\"https:\\\/\\\/groupehyperion.com\\\/es\\\/#website\"},\"datePublished\":\"2025-07-18T09:32:44+00:00\",\"dateModified\":\"2025-10-14T13:30:53+00:00\",\"description\":\"D\u00e9couvrez le lexique du Groupe Hyp\u00e9rion \u00e0 Montpellier, r\u00e9seau de d\u00e9tectives priv\u00e9s agr\u00e9\u00e9s en France et \u00e0 l'international.\",\"breadcrumb\":{\"@id\":\"https:\\\/\\\/groupehyperion.com\\\/es\\\/definition-detective-prive\\\/#breadcrumb\"},\"inLanguage\":\"es\",\"potentialAction\":[{\"@type\":\"ReadAction\",\"target\":[\"https:\\\/\\\/groupehyperion.com\\\/es\\\/definition-detective-prive\\\/\"]}]},{\"@type\":\"BreadcrumbList\",\"@id\":\"https:\\\/\\\/groupehyperion.com\\\/es\\\/definition-detective-prive\\\/#breadcrumb\",\"itemListElement\":[{\"@type\":\"ListItem\",\"position\":1,\"name\":\"Accueil\",\"item\":\"https:\\\/\\\/groupehyperion.com\\\/\"},{\"@type\":\"ListItem\",\"position\":2,\"name\":\"Lexique &#8211; D\u00e9tective priv\u00e9\"}]},{\"@type\":\"WebSite\",\"@id\":\"https:\\\/\\\/groupehyperion.com\\\/es\\\/#website\",\"url\":\"https:\\\/\\\/groupehyperion.com\\\/es\\\/\",\"name\":\"Groupe Hyperion\",\"description\":\"D\u00e9tective Priv\u00e9 Montpellier\",\"publisher\":{\"@id\":\"https:\\\/\\\/groupehyperion.com\\\/es\\\/#organization\"},\"potentialAction\":[{\"@type\":\"SearchAction\",\"target\":{\"@type\":\"EntryPoint\",\"urlTemplate\":\"https:\\\/\\\/groupehyperion.com\\\/es\\\/?s={search_term_string}\"},\"query-input\":{\"@type\":\"PropertyValueSpecification\",\"valueRequired\":true,\"valueName\":\"search_term_string\"}}],\"inLanguage\":\"es\"},{\"@type\":\"Organization\",\"@id\":\"https:\\\/\\\/groupehyperion.com\\\/es\\\/#organization\",\"name\":\"Groupe Hyperion\",\"alternateName\":\"GROUPE HYPERION\",\"url\":\"https:\\\/\\\/groupehyperion.com\\\/es\\\/\",\"logo\":{\"@type\":\"ImageObject\",\"inLanguage\":\"es\",\"@id\":\"https:\\\/\\\/groupehyperion.com\\\/es\\\/#\\\/schema\\\/logo\\\/image\\\/\",\"url\":\"https:\\\/\\\/groupehyperion.com\\\/wp-content\\\/uploads\\\/2025\\\/01\\\/Goupe-Hyperion-detective-prive-montpellier-logo-coul-web-01.png\",\"contentUrl\":\"https:\\\/\\\/groupehyperion.com\\\/wp-content\\\/uploads\\\/2025\\\/01\\\/Goupe-Hyperion-detective-prive-montpellier-logo-coul-web-01.png\",\"width\":474,\"height\":263,\"caption\":\"Groupe Hyperion\"},\"image\":{\"@id\":\"https:\\\/\\\/groupehyperion.com\\\/es\\\/#\\\/schema\\\/logo\\\/image\\\/\"}}]}<\/script>\n<!-- \/ Yoast SEO plugin. -->","yoast_head_json":{"title":"L\u00e9xico - Investigador privado - Hyperion Group","description":"Descubra el l\u00e9xico del Grupo Hyp\u00e9rion de Montpellier, una red de detectives privados homologados en Francia y en el extranjero.","robots":{"index":"index","follow":"follow","max-snippet":"max-snippet:-1","max-image-preview":"max-image-preview:large","max-video-preview":"max-video-preview:-1"},"canonical":"https:\/\/groupehyperion.com\/es\/definition-detective-prive\/","og_locale":"es_ES","og_type":"article","og_title":"Lexique - D\u00e9tective priv\u00e9 - Groupe Hyperion","og_description":"D\u00e9couvrez le lexique du Groupe Hyp\u00e9rion \u00e0 Montpellier, r\u00e9seau de d\u00e9tectives priv\u00e9s agr\u00e9\u00e9s en France et \u00e0 l'international.","og_url":"https:\/\/groupehyperion.com\/es\/definition-detective-prive\/","og_site_name":"Groupe Hyperion","article_modified_time":"2025-10-14T13:30:53+00:00","og_image":[{"width":474,"height":263,"url":"https:\/\/groupehyperion.com\/wp-content\/uploads\/2025\/01\/Goupe-Hyperion-detective-prive-montpellier-logo-coul-web-01.png","type":"image\/png"}],"twitter_card":"summary_large_image","schema":{"@context":"https:\/\/schema.org","@graph":[{"@type":"WebPage","@id":"https:\/\/groupehyperion.com\/es\/definition-detective-prive\/","url":"https:\/\/groupehyperion.com\/es\/definition-detective-prive\/","name":"L\u00e9xico - Investigador privado - Hyperion Group","isPartOf":{"@id":"https:\/\/groupehyperion.com\/es\/#website"},"datePublished":"2025-07-18T09:32:44+00:00","dateModified":"2025-10-14T13:30:53+00:00","description":"Descubra el l\u00e9xico del Grupo Hyp\u00e9rion de Montpellier, una red de detectives privados homologados en Francia y en el extranjero.","breadcrumb":{"@id":"https:\/\/groupehyperion.com\/es\/definition-detective-prive\/#breadcrumb"},"inLanguage":"es","potentialAction":[{"@type":"ReadAction","target":["https:\/\/groupehyperion.com\/es\/definition-detective-prive\/"]}]},{"@type":"BreadcrumbList","@id":"https:\/\/groupehyperion.com\/es\/definition-detective-prive\/#breadcrumb","itemListElement":[{"@type":"ListItem","position":1,"name":"Accueil","item":"https:\/\/groupehyperion.com\/"},{"@type":"ListItem","position":2,"name":"Lexique &#8211; D\u00e9tective priv\u00e9"}]},{"@type":"WebSite","@id":"https:\/\/groupehyperion.com\/es\/#website","url":"https:\/\/groupehyperion.com\/es\/","name":"Grupo Hyperion","description":"Detective Privado Montpellier","publisher":{"@id":"https:\/\/groupehyperion.com\/es\/#organization"},"potentialAction":[{"@type":"SearchAction","target":{"@type":"EntryPoint","urlTemplate":"https:\/\/groupehyperion.com\/es\/?s={search_term_string}"},"query-input":{"@type":"PropertyValueSpecification","valueRequired":true,"valueName":"search_term_string"}}],"inLanguage":"es"},{"@type":"Organization","@id":"https:\/\/groupehyperion.com\/es\/#organization","name":"Grupo Hyperion","alternateName":"GROUPE HYPERION","url":"https:\/\/groupehyperion.com\/es\/","logo":{"@type":"ImageObject","inLanguage":"es","@id":"https:\/\/groupehyperion.com\/es\/#\/schema\/logo\/image\/","url":"https:\/\/groupehyperion.com\/wp-content\/uploads\/2025\/01\/Goupe-Hyperion-detective-prive-montpellier-logo-coul-web-01.png","contentUrl":"https:\/\/groupehyperion.com\/wp-content\/uploads\/2025\/01\/Goupe-Hyperion-detective-prive-montpellier-logo-coul-web-01.png","width":474,"height":263,"caption":"Groupe Hyperion"},"image":{"@id":"https:\/\/groupehyperion.com\/es\/#\/schema\/logo\/image\/"}}]}},"_links":{"self":[{"href":"https:\/\/groupehyperion.com\/es\/wp-json\/wp\/v2\/pages\/10204","targetHints":{"allow":["GET"]}}],"collection":[{"href":"https:\/\/groupehyperion.com\/es\/wp-json\/wp\/v2\/pages"}],"about":[{"href":"https:\/\/groupehyperion.com\/es\/wp-json\/wp\/v2\/types\/page"}],"author":[{"embeddable":true,"href":"https:\/\/groupehyperion.com\/es\/wp-json\/wp\/v2\/users\/2"}],"replies":[{"embeddable":true,"href":"https:\/\/groupehyperion.com\/es\/wp-json\/wp\/v2\/comments?post=10204"}],"version-history":[{"count":14,"href":"https:\/\/groupehyperion.com\/es\/wp-json\/wp\/v2\/pages\/10204\/revisions"}],"predecessor-version":[{"id":10386,"href":"https:\/\/groupehyperion.com\/es\/wp-json\/wp\/v2\/pages\/10204\/revisions\/10386"}],"wp:attachment":[{"href":"https:\/\/groupehyperion.com\/es\/wp-json\/wp\/v2\/media?parent=10204"}],"curies":[{"name":"wp","href":"https:\/\/api.w.org\/{rel}","templated":true}]}}