{"id":1437,"date":"2013-09-06T15:19:20","date_gmt":"2013-09-06T15:19:20","guid":{"rendered":"http:\/\/impreza.us-themes.net\/pages\/contact-2\/"},"modified":"2025-03-19T09:55:51","modified_gmt":"2025-03-19T09:55:51","slug":"contact","status":"publish","type":"page","link":"https:\/\/groupehyperion.com\/de\/contact\/","title":{"rendered":"Kontakt"},"content":{"rendered":"<section class=\"l-section wpb_row us_custom_4980f5bd height_custom color_primary with_img parallax_hor bgwidth_130\"><div class=\"l-section-img\" role=\"img\" data-img-width=\"1920\" data-img-height=\"800\" style=\"background-image: url(https:\/\/groupehyperion.com\/wp-content\/uploads\/2025\/02\/detective-prive-angers-hyperion2.webp);\"><\/div><div class=\"l-section-overlay\" style=\"background:rgba(10,10,10,0.7)\"><\/div><div class=\"l-section-h i-cf\"><div class=\"g-cols vc_row via_grid cols_1 laptops-cols_inherit tablets-cols_inherit mobiles-cols_1 valign_middle type_default stacking_default\"><div class=\"wpb_column vc_column_container\"><div class=\"vc_column-inner\"><h1 class=\"w-text us_custom_874cd0dd\"><span class=\"w-text-h\"><span class=\"w-text-value\">Besoin d&rsquo;informations pour une enqu&ecirc;te ?<\/span><\/span><\/h1><h2 class=\"w-text us_custom_bec9fd1d\"><span class=\"w-text-h\"><span class=\"w-text-value\">Les d&eacute;tectives priv&eacute;s du Groupe Hyp&eacute;rion se tiennent &agrave; votre disposition pour tout renseignement.<\/span><\/span><\/h2><\/div><\/div><\/div><\/div><\/section><section class=\"l-section wpb_row height_custom width_custom\" style=\"--site-content-width:710px;\"><div class=\"l-section-h i-cf\"><div class=\"g-cols vc_row via_grid cols_1 laptops-cols_inherit tablets-cols_inherit mobiles-cols_1 valign_top type_default stacking_default\"><div class=\"wpb_column vc_column_container\"><div class=\"vc_column-inner\"><div class=\"g-cols wpb_row via_grid cols_2 laptops-cols_inherit tablets-cols_inherit mobiles-cols_1 valign_middle type_default stacking_default\" style=\"--columns-gap:3rem;--laptops-columns-gap:3rem;--tablets-columns-gap:3rem;--mobiles-columns-gap:1rem;\"><div class=\"wpb_column vc_column_container\"><div class=\"vc_column-inner\"><div class=\"w-iconbox iconpos_left style_circle color_custom align_center no_text\"><a href=\"mailto:contact@groupehyperion.com\" class=\"w-iconbox-link\" aria-label=\"contact@groupehyperion.com\"><div class=\"w-iconbox-icon\" style=\"font-size:22px;--icon-color:#b4cade;--icon-bg-color:var(--color-custom);\"><i class=\"far fa-envelope\"><\/i><\/div><\/a><div class=\"w-iconbox-meta\"><div class=\"w-iconbox-title\" style=\"font-size:1.2rem;\"><a href=\"mailto:contact@groupehyperion.com\" class=\"w-iconbox-link\" aria-label=\"contact@groupehyperion.com\">contact@groupehyperion.com<\/a><\/div><\/div><\/div><\/div><\/div><div class=\"wpb_column vc_column_container\"><div class=\"vc_column-inner\"><div class=\"w-iconbox iconpos_left style_circle color_custom align_center no_text\"><a href=\"callto:(+33)650544416\" class=\"w-iconbox-link\" aria-label=\"(+33) 6 50 54 44 16\"><div class=\"w-iconbox-icon\" style=\"font-size:22px;--icon-color:#b4cade;--icon-bg-color:var(--color-custom);\"><i class=\"far fa-phone\"><\/i><\/div><\/a><div class=\"w-iconbox-meta\"><p class=\"w-iconbox-title\" style=\"font-size:1.2rem;\"><a href=\"callto:(+33)650544416\" class=\"w-iconbox-link\" aria-label=\"(+33) 6 50 54 44 16\">(+33) 6 50 54 44 16<\/a><\/p><\/div><\/div><\/div><\/div><\/div><div class=\"w-socials us_custom_4fe4c3fb has_text_color hide_on_default hide_on_laptops hide_on_tablets hide_on_mobiles color_link shape_circle style_default hover_fade\" style=\"--gap:0.6em;\"><div class=\"w-socials-list\"><div class=\"w-socials-item whatsapp\"><a target=\"_blank\" href=\"tel:%20+33650544416\" class=\"w-socials-item-link\" aria-label=\"WhatsApp\"><span class=\"w-socials-item-link-hover\"><\/span><i class=\"fab fa-whatsapp\"><\/i><\/a><div class=\"w-socials-item-popup\"><span>WhatsApp<\/span><\/div><\/div><div class=\"w-socials-item custom\"><a target=\"_blank\" href=\"tel:%20+33650544416\" class=\"w-socials-item-link\" aria-label=\"Messenger\"><span class=\"w-socials-item-link-hover\" style=\"background:var(--color-custom-2);\"><\/span><i class=\"fab fa-facebook-messenger\"><\/i><\/a><div class=\"w-socials-item-popup\"><span>Messenger<\/span><\/div><\/div><\/div><\/div><\/div><\/div><\/div><\/div><\/section><section class=\"l-section wpb_row us_custom_9ce735dc height_auto width_custom\" style=\"--site-content-width:800px;\"><div class=\"l-section-h i-cf\"><div class=\"g-cols vc_row via_grid cols_1 laptops-cols_inherit tablets-cols_inherit mobiles-cols_1 valign_top type_default stacking_default\" style=\"--columns-gap:58px;\"><div class=\"wpb_column vc_column_container\"><div class=\"vc_column-inner\"><div class=\"wpb_text_column\"><div class=\"wpb_wrapper\"><h4><strong>Devis gratuit et sans engagement<\/strong><\/h4>\n<p style=\"text-align: justify;\">Nous mettons un point d&rsquo;honneur &agrave; respecter la confidentialit&eacute; de chaque demande. Chaque demande envoy&eacute;e par mail a pour unique objectif de vous recontacter. En soumettant ce formulaire, j&rsquo;accepte que les informations saisies soient utilis&eacute;es dans le cadre de ma demande et de la relation qui peut en d&eacute;couler.<\/p>\n<\/div><\/div><div class=\"w-separator size_small\"><\/div><form class=\"w-form  us-field-style_1 layout_ver for_cform us_form_1\" autocomplete=\"off\" action=\"https:\/\/groupehyperion.com\/de\/de\/wp-json\/wp\/v2\/pages\/1437\" method=\"post\"><div class=\"w-form-h\"><div class=\"w-form-row for_text required cols_2\">\r\n\t\t<div class=\"w-form-row-field\">\r\n\t\t\t\t\t\t<input aria-label=\"Nom\" type=\"text\" name=\"us_form_1_text_1\" value placeholder=\"Nom *\" data-required=\"true\" aria-required=\"true\">\r\n\t\t\t<\/div>\r\n\t\t<div class=\"w-form-row-state\">Bitte f&uuml;llen Sie dieses Feld aus.<\/div>\r\n<\/div>\r\n<div class=\"w-form-row for_text required cols_2\">\r\n\t\t<div class=\"w-form-row-field\">\r\n\t\t\t\t\t\t<input aria-label=\"Pr&eacute;nom\" type=\"text\" name=\"us_form_1_text_2\" value placeholder=\"Pr&eacute;nom *\" data-required=\"true\" aria-required=\"true\">\r\n\t\t\t<\/div>\r\n\t\t<div class=\"w-form-row-state\">Bitte f&uuml;llen Sie dieses Feld aus.<\/div>\r\n<\/div>\r\n<div class=\"w-form-row for_text cols_2\">\r\n\t\t<div class=\"w-form-row-field\">\r\n\t\t\t\t\t\t<input aria-label=\"Email\" type=\"text\" name=\"us_form_1_text_3\" value placeholder=\"Email\">\r\n\t\t\t<\/div>\r\n\t\t<div class=\"w-form-row-state\">Bitte f&uuml;llen Sie dieses Feld aus.<\/div>\r\n<\/div>\r\n<div class=\"w-form-row for_text required cols_2\">\r\n\t\t<div class=\"w-form-row-field\">\r\n\t\t\t\t\t\t<input aria-label=\"T&eacute;l&eacute;phone\" inputmode=\"tel\" type=\"text\" name=\"us_form_1_text_4\" value placeholder=\"T&eacute;l&eacute;phone *\" data-required=\"true\" aria-required=\"true\">\r\n\t\t\t<\/div>\r\n\t\t<div class=\"w-form-row-state\">Bitte f&uuml;llen Sie dieses Feld aus.<\/div>\r\n<\/div>\r\n<div class=\"w-form-row for_text cols_2\">\r\n\t\t<div class=\"w-form-row-field\">\r\n\t\t\t\t\t\t<input aria-label=\"Sujet\" type=\"text\" name=\"us_form_1_text_5\" value placeholder=\"Sujet\">\r\n\t\t\t<\/div>\r\n\t\t<div class=\"w-form-row-state\">Bitte f&uuml;llen Sie dieses Feld aus.<\/div>\r\n<\/div>\r\n<div class=\"w-form-row for_text cols_2\">\r\n\t\t<div class=\"w-form-row-field\">\r\n\t\t\t\t\t\t<input aria-label=\"Zone d'intervention\" type=\"text\" name=\"us_form_1_text_6\" value placeholder=\"Zone d'intervention\">\r\n\t\t\t<\/div>\r\n\t\t<div class=\"w-form-row-state\">Bitte f&uuml;llen Sie dieses Feld aus.<\/div>\r\n<\/div>\r\n<div class=\"w-form-row for_textarea required\">\r\n\t\t<div class=\"w-form-row-field\">\r\n\t\t\t\t\t\t<textarea aria-label=\"Message\" name=\"us_form_1_textarea_1\" placeholder=\"Message *\" data-required=\"true\" aria-required=\"true\"><\/textarea>\r\n\t\t\t<\/div>\r\n\t\t<div class=\"w-form-row-state\">Bitte f&uuml;llen Sie dieses Feld aus.<\/div>\r\n<\/div>\r\n<div class=\"w-form-row for_agreement required\">\r\n\t\t<div class=\"w-form-row-field\">\r\n\t\t\t\t<label>\r\n\t\t\t<input type=\"checkbox\" value=\"1\" data-required=\"true\" aria-required=\"true\" name=\"us_form_1_agreement_1\">\r\n\t\t\t<span>En renseignant ce formulaire, j&rsquo;accepte que les informations saisies soient exploit&eacute;es dans le cadre de la demande de contact. Pour tout renseignement compl&eacute;mentaire sur les donn&eacute;es, voir notre <a href=\"\/mentions-legales\/\" target=\"_blank\" color=\"#fff\">politique de gestion des donn&eacute;es personnelles.<\/a><\/span>\r\n\t\t<\/label>\r\n\t\t\t<\/div>\r\n\t\t<div class=\"w-form-row-state\">Sie m&uuml;ssen den Bedingungen zustimmen, um fortzufahren.<\/div>\r\n<\/div>\r\n<input type=\"hidden\" name=\"action\" value=\"us_ajax_cform\">\r\n<input type=\"hidden\" name=\"post_id\" value=\"0\">\r\n<input type=\"hidden\" name=\"form_index\" value=\"1\">\r\n<div class=\"w-form-row for_submit default_align_none laptops_align_none tablets_align_none mobiles_align_center\">\r\n\t<button class=\"w-btn  us-btn-style_21\" aria-label=\"Envoyer mon message\" type=\"submit\">\r\n\t\t<span class=\"g-preloader type_1\"><\/span>\r\n\t\t\t\t<span class=\"w-btn-label\">Envoyer mon message<\/span>\r\n\t\t\t<\/button>\r\n\t<\/div>\r\n<\/div><div class=\"w-form-message\"><\/div><div class=\"w-form-json hidden\" onclick='return {\"ajaxurl\":\"https:\\\/\\\/groupehyperion.com\\\/wp-admin\\\/admin-ajax.php\",\"messages\":{\"err_empty\":\"Bitte f\\u00fcllen Sie dieses Feld aus.\",\"err_size\":\"Die Dateigr\\u00f6\\u00dfe darf %s MB nicht \\u00fcberschreiten\",\"err_extension\":\"Dateityp %s ist nicht zul\\u00e4ssig\",\"err_recaptcha_keys\":\"reCAPTCHA-Schl\\u00fcssel sind fehlerhaft\"}}'><\/div><\/form><\/div><\/div><\/div><\/div><\/section><section class=\"l-section wpb_row us_custom_c70c97eb height_auto width_custom\" style=\"--site-content-width:800px;\"><div class=\"l-section-h i-cf\"><div class=\"g-cols vc_row via_grid cols_1 laptops-cols_inherit tablets-cols_inherit mobiles-cols_1 valign_top type_default stacking_default\"><div class=\"wpb_column vc_column_container\"><div class=\"vc_column-inner\"><div class=\"wpb_text_column us_custom_61da2f68\"><div class=\"wpb_wrapper\"><h2 style=\"text-align: center;\">Quelques mots de J&eacute;r&eacute;my Fontanille, fondateur du Groupe Hyp&eacute;rion<\/h2>\n<\/div><\/div><\/div><\/div><\/div><\/div><\/section><section class=\"l-section wpb_row us_custom_402551d6 height_auto width_custom\" style=\"--site-content-width:1500px;\"><div class=\"l-section-h i-cf\"><div class=\"g-cols vc_row via_grid cols_1-3 laptops-cols_inherit tablets-cols_inherit mobiles-cols_1 valign_top type_default stacking_default\"><div class=\"wpb_column vc_column_container\"><div class=\"vc_column-inner\"><div class=\"w-image has_ratio align_none\"><div class=\"w-image-h\"><div style=\"padding-bottom:150%\"><\/div><img decoding=\"async\" width=\"800\" height=\"1009\" src=\"https:\/\/groupehyperion.com\/wp-content\/uploads\/2025\/02\/Jeremy-Fontanille-detective-prive-france-hyperion-portrait-800x1009px.webp\" class=\"attachment-large size-large\" alt=\"Portrait de Jeremy Fontanille, d&eacute;tective priv&eacute; en costard\" loading=\"lazy\"\/><\/div><\/div><\/div><\/div><div class=\"wpb_column vc_column_container\"><div class=\"vc_column-inner\"><div class=\"wpb_text_column with_collapsible_content\" data-content-height=\"500px\"><div class=\"wpb_wrapper\"><p><span style=\"font-weight: 400;\">Chers clients et partenaires,<\/span><\/p>\n<p><span style=\"font-weight: 400;\">Je suis honor&eacute; de vous accueillir au sein du <strong>Groupe Hyperion<\/strong>, votre agence de d&eacute;tectives priv&eacute;s de r&eacute;f&eacute;rence. Notre mission est simple : vous fournir des services d&rsquo;investigation de haute qualit&eacute;, adapt&eacute;s &agrave; vos besoins sp&eacute;cifiques, tout en garantissant la confidentialit&eacute; et le respect des lois en vigueur.<\/span><\/p>\n<p><span style=\"font-weight: 400;\">Depuis notre cr&eacute;ation, nous avons mis un point d&rsquo;honneur &agrave; d&eacute;velopper une expertise internationale, nous permettant de mener des enqu&ecirc;tes aussi bien en France qu&rsquo;&agrave; l&rsquo;&eacute;tranger. Notre &eacute;quipe de d&eacute;tectives priv&eacute;s, hautement qualifi&eacute;e et exp&eacute;riment&eacute;e, utilise les techniques les plus modernes pour collecter des preuves tangibles et fiables, que ce soit pour des particuliers ou des entreprises.<\/span><\/p>\n<p><span style=\"font-weight: 400;\">Nous savons que chaque situation est unique, et c&rsquo;est pourquoi nous offrons des solutions personnalis&eacute;es pour r&eacute;pondre &agrave; vos attentes. Que vous ayez besoin de v&eacute;rifier les ant&eacute;c&eacute;dents d&rsquo;un partenaire potentiel, de surveiller les activit&eacute;s de vos employ&eacute;s, de prot&eacute;ger votre entreprise contre la <a class=\"glossaryLink\"  title=\"Lexique: Concurrence d&eacute;loyale\"  href=\"https:\/\/groupehyperion.com\/de\/lexique\/concurrence-deloyale\/\"  data-gt-translate-attributes='[{\"attribute\":\"data-cmtooltip\", \"format\":\"html\"}]'  tabindex='0' role='link'>concurrence d&eacute;loyale<\/a>, ou de r&eacute;soudre des <a class=\"glossaryLink\"  title=\"Lexique: Litiges\"  href=\"https:\/\/groupehyperion.com\/de\/lexique\/litiges\/\"  data-gt-translate-attributes='[{\"attribute\":\"data-cmtooltip\", \"format\":\"html\"}]'  tabindex='0' role='link'>litiges<\/a> familiaux et commerciaux, le <strong>Groupe Hyperion<\/strong> est l&agrave; pour vous accompagner &agrave; chaque &eacute;tape.<\/span><\/p>\n<p><span style=\"font-weight: 400;\">La confidentialit&eacute; et la conformit&eacute; l&eacute;gale sont au c&oelig;ur de nos op&eacute;rations. Nous comprenons l&rsquo;importance de la discr&eacute;tion dans notre domaine et nous nous engageons &agrave; prot&eacute;ger vos informations avec le plus grand soin. Nos services sont con&ccedil;us pour vous apporter la tranquillit&eacute; d&rsquo;esprit, en vous assurant que vos d&eacute;cisions sont bas&eacute;es sur des informations pr&eacute;cises et v&eacute;rifi&eacute;es.<\/span><\/p>\n<p><span style=\"font-weight: 400;\">Je tiens &agrave; remercier tous nos clients pour leur confiance et leur fid&eacute;lit&eacute;. C&rsquo;est gr&acirc;ce &agrave; vous que nous continuons &agrave; nous d&eacute;velopper et &agrave; am&eacute;liorer nos services. &Agrave; nos futurs clients, je vous invite &agrave; d&eacute;couvrir ce que le <strong>Groupe Hyperion<\/strong>&nbsp;peut faire pour vous. Nous sommes d&eacute;di&eacute;s &agrave; offrir des solutions d&rsquo;investigation sur mesure, soutenues par une &eacute;quipe professionnelle et d&eacute;vou&eacute;e.<\/span><\/p>\n<p><span style=\"font-weight: 400;\">N&rsquo;h&eacute;sitez pas &agrave; nous contacter pour discuter de vos besoins. Ensemble, nous trouverons la solution adapt&eacute;e &agrave; vos enjeux sp&eacute;cifiques.<\/span><\/p>\n<p><span style=\"font-weight: 400;\">Avec mes sinc&egrave;res salutations,<\/span><\/p>\n<p><b>J&eacute;r&eacute;my Fontanille<\/b><\/p>\n<p><span style=\"font-weight: 400;\">Fondateur du Groupe Hyperion<\/span><\/p>\n<\/div><div class=\"toggle-links align_none\"><button class=\"collapsible-content-more\">Mehr anzeigen<\/button><button class=\"collapsible-content-less\">Weniger anzeigen<\/button><\/div><\/div><div class=\"w-separator size_medium\"><\/div><\/div><\/div><\/div><\/div><\/section>\n","protected":false},"excerpt":{"rendered":"<p>Besoin d&rsquo;informations pour une enqu&ecirc;te ?Les d&eacute;tectives priv&eacute;s du Groupe Hyp&eacute;rion se tiennent &agrave; votre disposition pour tout renseignement.contact@groupehyperion.com(+33) 6 50 54 44 16WhatsAppMessengerDevis gratuit et sans engagement Nous mettons un point d&rsquo;honneur &agrave; respecter la confidentialit&eacute; de chaque demande. Chaque demande envoy&eacute;e par mail a pour unique objectif de vous recontacter. En soumettant ce...<\/p>","protected":false},"author":2,"featured_media":0,"parent":0,"menu_order":0,"comment_status":"closed","ping_status":"closed","template":"","meta":{"footnotes":""},"class_list":["post-1437","page","type-page","status-publish","hentry"],"yoast_head":"<!-- This site is optimized with the Yoast SEO plugin v27.5 - https:\/\/yoast.com\/product\/yoast-seo-wordpress\/ -->\n<title>Contacter un d\u00e9tective priv\u00e9 | Groupe Hyperion<\/title>\n<meta name=\"description\" content=\"Besoin d&#039;une enqu\u00eate discr\u00e8te et rapide ? Contacter le groupe de d\u00e9tectives priv\u00e9 Hyp\u00e9rion pour tout renseignement.\" \/>\n<meta name=\"robots\" content=\"index, follow, max-snippet:-1, max-image-preview:large, max-video-preview:-1\" \/>\n<link rel=\"canonical\" href=\"https:\/\/groupehyperion.com\/de\/contact\/\" \/>\n<meta property=\"og:locale\" content=\"de_DE\" \/>\n<meta property=\"og:type\" content=\"article\" \/>\n<meta property=\"og:title\" content=\"Contacter un d\u00e9tective priv\u00e9 | Groupe Hyperion\" \/>\n<meta property=\"og:description\" content=\"Besoin d&#039;une enqu\u00eate discr\u00e8te et rapide ? Contacter le groupe de d\u00e9tectives priv\u00e9 Hyp\u00e9rion pour tout renseignement.\" \/>\n<meta property=\"og:url\" content=\"https:\/\/groupehyperion.com\/de\/contact\/\" \/>\n<meta property=\"og:site_name\" content=\"Groupe Hyperion\" \/>\n<meta property=\"article:modified_time\" content=\"2025-03-19T09:55:51+00:00\" \/>\n<meta property=\"og:image\" content=\"https:\/\/groupehyperion.com\/wp-content\/uploads\/2025\/01\/Goupe-Hyperion-detective-prive-montpellier-logo-coul-web-01.png\" \/>\n\t<meta property=\"og:image:width\" content=\"474\" \/>\n\t<meta property=\"og:image:height\" content=\"263\" \/>\n\t<meta property=\"og:image:type\" content=\"image\/png\" \/>\n<meta name=\"twitter:card\" content=\"summary_large_image\" \/>\n<meta name=\"twitter:label1\" content=\"Gesch\u00e4tzte Lesezeit\" \/>\n\t<meta name=\"twitter:data1\" content=\"3\u00a0Minuten\" \/>\n<script type=\"application\/ld+json\" class=\"yoast-schema-graph\">{\"@context\":\"https:\\\/\\\/schema.org\",\"@graph\":[{\"@type\":\"WebPage\",\"@id\":\"https:\\\/\\\/groupehyperion.com\\\/de\\\/contact\\\/\",\"url\":\"https:\\\/\\\/groupehyperion.com\\\/de\\\/contact\\\/\",\"name\":\"Contacter un d\u00e9tective priv\u00e9 | Groupe Hyperion\",\"isPartOf\":{\"@id\":\"https:\\\/\\\/groupehyperion.com\\\/de\\\/#website\"},\"datePublished\":\"2013-09-06T15:19:20+00:00\",\"dateModified\":\"2025-03-19T09:55:51+00:00\",\"description\":\"Besoin d'une enqu\u00eate discr\u00e8te et rapide ? Contacter le groupe de d\u00e9tectives priv\u00e9 Hyp\u00e9rion pour tout renseignement.\",\"breadcrumb\":{\"@id\":\"https:\\\/\\\/groupehyperion.com\\\/de\\\/contact\\\/#breadcrumb\"},\"inLanguage\":\"de\",\"potentialAction\":[{\"@type\":\"ReadAction\",\"target\":[\"https:\\\/\\\/groupehyperion.com\\\/de\\\/contact\\\/\"]}]},{\"@type\":\"BreadcrumbList\",\"@id\":\"https:\\\/\\\/groupehyperion.com\\\/de\\\/contact\\\/#breadcrumb\",\"itemListElement\":[{\"@type\":\"ListItem\",\"position\":1,\"name\":\"Accueil\",\"item\":\"https:\\\/\\\/groupehyperion.com\\\/\"},{\"@type\":\"ListItem\",\"position\":2,\"name\":\"Contact\"}]},{\"@type\":\"WebSite\",\"@id\":\"https:\\\/\\\/groupehyperion.com\\\/de\\\/#website\",\"url\":\"https:\\\/\\\/groupehyperion.com\\\/de\\\/\",\"name\":\"Groupe Hyperion\",\"description\":\"D\u00e9tective Priv\u00e9 Montpellier\",\"publisher\":{\"@id\":\"https:\\\/\\\/groupehyperion.com\\\/de\\\/#organization\"},\"potentialAction\":[{\"@type\":\"SearchAction\",\"target\":{\"@type\":\"EntryPoint\",\"urlTemplate\":\"https:\\\/\\\/groupehyperion.com\\\/de\\\/?s={search_term_string}\"},\"query-input\":{\"@type\":\"PropertyValueSpecification\",\"valueRequired\":true,\"valueName\":\"search_term_string\"}}],\"inLanguage\":\"de\"},{\"@type\":\"Organization\",\"@id\":\"https:\\\/\\\/groupehyperion.com\\\/de\\\/#organization\",\"name\":\"Groupe Hyperion\",\"alternateName\":\"GROUPE HYPERION\",\"url\":\"https:\\\/\\\/groupehyperion.com\\\/de\\\/\",\"logo\":{\"@type\":\"ImageObject\",\"inLanguage\":\"de\",\"@id\":\"https:\\\/\\\/groupehyperion.com\\\/de\\\/#\\\/schema\\\/logo\\\/image\\\/\",\"url\":\"https:\\\/\\\/groupehyperion.com\\\/wp-content\\\/uploads\\\/2025\\\/01\\\/Goupe-Hyperion-detective-prive-montpellier-logo-coul-web-01.png\",\"contentUrl\":\"https:\\\/\\\/groupehyperion.com\\\/wp-content\\\/uploads\\\/2025\\\/01\\\/Goupe-Hyperion-detective-prive-montpellier-logo-coul-web-01.png\",\"width\":474,\"height\":263,\"caption\":\"Groupe Hyperion\"},\"image\":{\"@id\":\"https:\\\/\\\/groupehyperion.com\\\/de\\\/#\\\/schema\\\/logo\\\/image\\\/\"}}]}<\/script>\n<!-- \/ Yoast SEO plugin. -->","yoast_head_json":{"title":"Contacter un d\u00e9tective priv\u00e9 | Groupe Hyperion","description":"Besoin d'une enqu\u00eate discr\u00e8te et rapide ? Contacter le groupe de d\u00e9tectives priv\u00e9 Hyp\u00e9rion pour tout renseignement.","robots":{"index":"index","follow":"follow","max-snippet":"max-snippet:-1","max-image-preview":"max-image-preview:large","max-video-preview":"max-video-preview:-1"},"canonical":"https:\/\/groupehyperion.com\/de\/contact\/","og_locale":"de_DE","og_type":"article","og_title":"Contacter un d\u00e9tective priv\u00e9 | Groupe Hyperion","og_description":"Besoin d'une enqu\u00eate discr\u00e8te et rapide ? Contacter le groupe de d\u00e9tectives priv\u00e9 Hyp\u00e9rion pour tout renseignement.","og_url":"https:\/\/groupehyperion.com\/de\/contact\/","og_site_name":"Groupe Hyperion","article_modified_time":"2025-03-19T09:55:51+00:00","og_image":[{"width":474,"height":263,"url":"https:\/\/groupehyperion.com\/wp-content\/uploads\/2025\/01\/Goupe-Hyperion-detective-prive-montpellier-logo-coul-web-01.png","type":"image\/png"}],"twitter_card":"summary_large_image","twitter_misc":{"Gesch\u00e4tzte Lesezeit":"3\u00a0Minuten"},"schema":{"@context":"https:\/\/schema.org","@graph":[{"@type":"WebPage","@id":"https:\/\/groupehyperion.com\/de\/contact\/","url":"https:\/\/groupehyperion.com\/de\/contact\/","name":"Contacter un d\u00e9tective priv\u00e9 | Groupe Hyperion","isPartOf":{"@id":"https:\/\/groupehyperion.com\/de\/#website"},"datePublished":"2013-09-06T15:19:20+00:00","dateModified":"2025-03-19T09:55:51+00:00","description":"Besoin d'une enqu\u00eate discr\u00e8te et rapide ? Contacter le groupe de d\u00e9tectives priv\u00e9 Hyp\u00e9rion pour tout renseignement.","breadcrumb":{"@id":"https:\/\/groupehyperion.com\/de\/contact\/#breadcrumb"},"inLanguage":"de","potentialAction":[{"@type":"ReadAction","target":["https:\/\/groupehyperion.com\/de\/contact\/"]}]},{"@type":"BreadcrumbList","@id":"https:\/\/groupehyperion.com\/de\/contact\/#breadcrumb","itemListElement":[{"@type":"ListItem","position":1,"name":"Accueil","item":"https:\/\/groupehyperion.com\/"},{"@type":"ListItem","position":2,"name":"Contact"}]},{"@type":"WebSite","@id":"https:\/\/groupehyperion.com\/de\/#website","url":"https:\/\/groupehyperion.com\/de\/","name":"Hyperion-Gruppe","description":"Privatdetektiv Montpellier","publisher":{"@id":"https:\/\/groupehyperion.com\/de\/#organization"},"potentialAction":[{"@type":"SearchAction","target":{"@type":"EntryPoint","urlTemplate":"https:\/\/groupehyperion.com\/de\/?s={search_term_string}"},"query-input":{"@type":"PropertyValueSpecification","valueRequired":true,"valueName":"search_term_string"}}],"inLanguage":"de"},{"@type":"Organization","@id":"https:\/\/groupehyperion.com\/de\/#organization","name":"Hyperion-Gruppe","alternateName":"GROUPE HYPERION","url":"https:\/\/groupehyperion.com\/de\/","logo":{"@type":"ImageObject","inLanguage":"de","@id":"https:\/\/groupehyperion.com\/de\/#\/schema\/logo\/image\/","url":"https:\/\/groupehyperion.com\/wp-content\/uploads\/2025\/01\/Goupe-Hyperion-detective-prive-montpellier-logo-coul-web-01.png","contentUrl":"https:\/\/groupehyperion.com\/wp-content\/uploads\/2025\/01\/Goupe-Hyperion-detective-prive-montpellier-logo-coul-web-01.png","width":474,"height":263,"caption":"Groupe Hyperion"},"image":{"@id":"https:\/\/groupehyperion.com\/de\/#\/schema\/logo\/image\/"}}]}},"_links":{"self":[{"href":"https:\/\/groupehyperion.com\/de\/wp-json\/wp\/v2\/pages\/1437","targetHints":{"allow":["GET"]}}],"collection":[{"href":"https:\/\/groupehyperion.com\/de\/wp-json\/wp\/v2\/pages"}],"about":[{"href":"https:\/\/groupehyperion.com\/de\/wp-json\/wp\/v2\/types\/page"}],"author":[{"embeddable":true,"href":"https:\/\/groupehyperion.com\/de\/wp-json\/wp\/v2\/users\/2"}],"replies":[{"embeddable":true,"href":"https:\/\/groupehyperion.com\/de\/wp-json\/wp\/v2\/comments?post=1437"}],"version-history":[{"count":38,"href":"https:\/\/groupehyperion.com\/de\/wp-json\/wp\/v2\/pages\/1437\/revisions"}],"predecessor-version":[{"id":10085,"href":"https:\/\/groupehyperion.com\/de\/wp-json\/wp\/v2\/pages\/1437\/revisions\/10085"}],"wp:attachment":[{"href":"https:\/\/groupehyperion.com\/de\/wp-json\/wp\/v2\/media?parent=1437"}],"curies":[{"name":"wp","href":"https:\/\/api.w.org\/{rel}","templated":true}]}}